{"id":722,"date":"2015-11-28T04:35:48","date_gmt":"2015-11-28T04:35:48","guid":{"rendered":"http:\/\/neptune.pinsupreme.com\/?page_id=722"},"modified":"2025-03-03T20:21:05","modified_gmt":"2025-03-03T20:21:05","slug":"hero-posts","status":"publish","type":"page","link":"https:\/\/leinakuhinja.net\/","title":{"rendered":"PO\u010cETNA"},"content":{"rendered":"","protected":false},"excerpt":{"rendered":"","protected":false},"author":1,"featured_media":0,"parent":0,"menu_order":0,"comment_status":"closed","ping_status":"closed","template":"page-recipes-index.php","meta":{"_bbp_topic_count":0,"_bbp_reply_count":0,"_bbp_total_topic_count":0,"_bbp_total_reply_count":0,"_bbp_voice_count":0,"_bbp_anonymous_reply_count":0,"_bbp_topic_count_hidden":0,"_bbp_reply_count_hidden":0,"_bbp_forum_subforum_count":0,"_monsterinsights_skip_tracking":false,"_monsterinsights_sitenote_active":false,"_monsterinsights_sitenote_note":"","_monsterinsights_sitenote_category":0,"footnotes":""},"class_list":["post-722","page","type-page","status-publish","hentry"],"acf":[],"yoast_head":"<!-- This site is optimized with the Yoast SEO plugin v24.5 - https:\/\/yoast.com\/wordpress\/plugins\/seo\/ -->\n<title>Leina kuhinja<\/title>\n<meta name=\"description\" content=\"Otkrijte ukusne i jednostavne recepte za svaki dan. Bilo da ste ljubitelj slanih ili slatkih jela, na\u0161 vodi\u010d nudi inspiraciju za pripremu savr\u0161enih obroka. Isprobajte najbolje recepte za u\u017eivanje u kuhinji!\" \/>\n<meta name=\"robots\" content=\"index, follow, max-snippet:-1, max-image-preview:large, max-video-preview:-1\" \/>\n<link rel=\"canonical\" href=\"https:\/\/leinakuhinja.net\/\" \/>\n<meta property=\"og:locale\" content=\"en_US\" \/>\n<meta property=\"og:type\" content=\"article\" \/>\n<meta property=\"og:title\" content=\"Leina kuhinja\" \/>\n<meta property=\"og:description\" content=\"Otkrijte ukusne i jednostavne recepte za svaki dan. Bilo da ste ljubitelj slanih ili slatkih jela, na\u0161 vodi\u010d nudi inspiraciju za pripremu savr\u0161enih obroka. Isprobajte najbolje recepte za u\u017eivanje u kuhinji!\" \/>\n<meta property=\"og:url\" content=\"https:\/\/leinakuhinja.net\/\" \/>\n<meta property=\"og:site_name\" content=\"Leina kuhinja\" \/>\n<meta property=\"article:modified_time\" content=\"2025-03-03T20:21:05+00:00\" \/>\n<meta name=\"twitter:card\" content=\"summary_large_image\" \/>\n<script type=\"application\/ld+json\" class=\"yoast-schema-graph\">{\"@context\":\"https:\/\/schema.org\",\"@graph\":[{\"@type\":\"WebPage\",\"@id\":\"https:\/\/leinakuhinja.net\/\",\"url\":\"https:\/\/leinakuhinja.net\/\",\"name\":\"Leina kuhinja\",\"isPartOf\":{\"@id\":\"https:\/\/leinakuhinja.net\/#website\"},\"datePublished\":\"2015-11-28T04:35:48+00:00\",\"dateModified\":\"2025-03-03T20:21:05+00:00\",\"description\":\"Otkrijte ukusne i jednostavne recepte za svaki dan. Bilo da ste ljubitelj slanih ili slatkih jela, na\u0161 vodi\u010d nudi inspiraciju za pripremu savr\u0161enih obroka. Isprobajte najbolje recepte za u\u017eivanje u kuhinji!\",\"breadcrumb\":{\"@id\":\"https:\/\/leinakuhinja.net\/#breadcrumb\"},\"inLanguage\":\"sr-RS-latin\",\"potentialAction\":[{\"@type\":\"ReadAction\",\"target\":[\"https:\/\/leinakuhinja.net\/\"]}]},{\"@type\":\"BreadcrumbList\",\"@id\":\"https:\/\/leinakuhinja.net\/#breadcrumb\",\"itemListElement\":[{\"@type\":\"ListItem\",\"position\":1,\"name\":\"Home\",\"item\":\"https:\/\/leinakuhinja.net\/\"},{\"@type\":\"ListItem\",\"position\":2,\"name\":\"PO\u010cETNA\"}]},{\"@type\":\"WebSite\",\"@id\":\"https:\/\/leinakuhinja.net\/#website\",\"url\":\"https:\/\/leinakuhinja.net\/\",\"name\":\"Leina kuhinja\",\"description\":\"Najbolji recepti za svaki dan\",\"potentialAction\":[{\"@type\":\"SearchAction\",\"target\":{\"@type\":\"EntryPoint\",\"urlTemplate\":\"https:\/\/leinakuhinja.net\/?s={search_term_string}\"},\"query-input\":{\"@type\":\"PropertyValueSpecification\",\"valueRequired\":true,\"valueName\":\"search_term_string\"}}],\"inLanguage\":\"sr-RS-latin\"}]}<\/script>\n<!-- \/ Yoast SEO plugin. -->","yoast_head_json":{"title":"Leina kuhinja","description":"Otkrijte ukusne i jednostavne recepte za svaki dan. Bilo da ste ljubitelj slanih ili slatkih jela, na\u0161 vodi\u010d nudi inspiraciju za pripremu savr\u0161enih obroka. Isprobajte najbolje recepte za u\u017eivanje u kuhinji!","robots":{"index":"index","follow":"follow","max-snippet":"max-snippet:-1","max-image-preview":"max-image-preview:large","max-video-preview":"max-video-preview:-1"},"canonical":"https:\/\/leinakuhinja.net\/","og_locale":"en_US","og_type":"article","og_title":"Leina kuhinja","og_description":"Otkrijte ukusne i jednostavne recepte za svaki dan. Bilo da ste ljubitelj slanih ili slatkih jela, na\u0161 vodi\u010d nudi inspiraciju za pripremu savr\u0161enih obroka. Isprobajte najbolje recepte za u\u017eivanje u kuhinji!","og_url":"https:\/\/leinakuhinja.net\/","og_site_name":"Leina kuhinja","article_modified_time":"2025-03-03T20:21:05+00:00","twitter_card":"summary_large_image","schema":{"@context":"https:\/\/schema.org","@graph":[{"@type":"WebPage","@id":"https:\/\/leinakuhinja.net\/","url":"https:\/\/leinakuhinja.net\/","name":"Leina kuhinja","isPartOf":{"@id":"https:\/\/leinakuhinja.net\/#website"},"datePublished":"2015-11-28T04:35:48+00:00","dateModified":"2025-03-03T20:21:05+00:00","description":"Otkrijte ukusne i jednostavne recepte za svaki dan. Bilo da ste ljubitelj slanih ili slatkih jela, na\u0161 vodi\u010d nudi inspiraciju za pripremu savr\u0161enih obroka. Isprobajte najbolje recepte za u\u017eivanje u kuhinji!","breadcrumb":{"@id":"https:\/\/leinakuhinja.net\/#breadcrumb"},"inLanguage":"sr-RS-latin","potentialAction":[{"@type":"ReadAction","target":["https:\/\/leinakuhinja.net\/"]}]},{"@type":"BreadcrumbList","@id":"https:\/\/leinakuhinja.net\/#breadcrumb","itemListElement":[{"@type":"ListItem","position":1,"name":"Home","item":"https:\/\/leinakuhinja.net\/"},{"@type":"ListItem","position":2,"name":"PO\u010cETNA"}]},{"@type":"WebSite","@id":"https:\/\/leinakuhinja.net\/#website","url":"https:\/\/leinakuhinja.net\/","name":"Leina kuhinja","description":"Najbolji recepti za svaki dan","potentialAction":[{"@type":"SearchAction","target":{"@type":"EntryPoint","urlTemplate":"https:\/\/leinakuhinja.net\/?s={search_term_string}"},"query-input":{"@type":"PropertyValueSpecification","valueRequired":true,"valueName":"search_term_string"}}],"inLanguage":"sr-RS-latin"}]}},"_links":{"self":[{"href":"https:\/\/leinakuhinja.net\/index.php?rest_route=\/wp\/v2\/pages\/722","targetHints":{"allow":["GET"]}}],"collection":[{"href":"https:\/\/leinakuhinja.net\/index.php?rest_route=\/wp\/v2\/pages"}],"about":[{"href":"https:\/\/leinakuhinja.net\/index.php?rest_route=\/wp\/v2\/types\/page"}],"author":[{"embeddable":true,"href":"https:\/\/leinakuhinja.net\/index.php?rest_route=\/wp\/v2\/users\/1"}],"replies":[{"embeddable":true,"href":"https:\/\/leinakuhinja.net\/index.php?rest_route=%2Fwp%2Fv2%2Fcomments&post=722"}],"version-history":[{"count":2,"href":"https:\/\/leinakuhinja.net\/index.php?rest_route=\/wp\/v2\/pages\/722\/revisions"}],"predecessor-version":[{"id":1363,"href":"https:\/\/leinakuhinja.net\/index.php?rest_route=\/wp\/v2\/pages\/722\/revisions\/1363"}],"wp:attachment":[{"href":"https:\/\/leinakuhinja.net\/index.php?rest_route=%2Fwp%2Fv2%2Fmedia&parent=722"}],"curies":[{"name":"wp","href":"https:\/\/api.w.org\/{rel}","templated":true}]}}